{"id":937,"date":"2015-11-12T22:31:45","date_gmt":"2015-11-12T22:31:45","guid":{"rendered":"http:\/\/vziondesigns.ca\/client\/demazenodpl\/?page_id=937"},"modified":"2022-01-12T16:56:07","modified_gmt":"2022-01-12T21:56:07","slug":"grupy-i-organizacje-parafialne","status":"publish","type":"page","link":"https:\/\/demazenod.org\/pl\/grupy-i-organizacje-parafialne\/","title":{"rendered":"Grupy i organizacje parafialne"},"content":{"rendered":"[vc_row type=&#8221;in_container&#8221; scene_position=&#8221;center&#8221; text_color=&#8221;dark&#8221; text_align=&#8221;center&#8221;][vc_column boxed=&#8221;true&#8221; column_padding=&#8221;no-extra-padding&#8221; column_padding_position=&#8221;all&#8221; background_color_opacity=&#8221;1&#8243; background_hover_color_opacity=&#8221;1&#8243; width=&#8221;1\/4&#8243;][vc_column_text]\n<h5><a href=\"http:\/\/demazenod.org\/pl\/wp-content\/uploads\/sites\/2\/2015\/11\/Ministranci.jpeg\" rel=\"prettyPhoto[gallery-rsZ3]\"><img loading=\"lazy\" decoding=\"async\" class=\"alignnone size-full wp-image-940\" src=\"http:\/\/demazenod.org\/pl\/wp-content\/uploads\/sites\/2\/2015\/11\/Ministranci.jpeg\" alt=\"Ministranci\" width=\"639\" height=\"426\" srcset=\"https:\/\/demazenod.org\/pl\/wp-content\/uploads\/sites\/2\/2015\/11\/Ministranci.jpeg 639w, https:\/\/demazenod.org\/pl\/wp-content\/uploads\/sites\/2\/2015\/11\/Ministranci-300x200.jpeg 300w\" sizes=\"auto, (max-width: 639px) 100vw, 639px\" \/><\/a><br \/>\nMinistranci<\/h5>\n[\/vc_column_text][\/vc_column][vc_column boxed=&#8221;true&#8221; column_padding=&#8221;no-extra-padding&#8221; column_padding_position=&#8221;all&#8221; background_color_opacity=&#8221;1&#8243; background_hover_color_opacity=&#8221;1&#8243; width=&#8221;1\/4&#8243;][vc_column_text]\n<h5><a href=\"http:\/\/demazenod.org\/pl\/wp-content\/uploads\/sites\/2\/2015\/11\/Hosanna.jpeg\" rel=\"prettyPhoto[gallery-rsZ3]\"><img loading=\"lazy\" decoding=\"async\" class=\"alignnone size-full wp-image-949\" src=\"http:\/\/demazenod.org\/pl\/wp-content\/uploads\/sites\/2\/2015\/11\/Hosanna.jpeg\" alt=\"Hosanna\" width=\"639\" height=\"426\" srcset=\"https:\/\/demazenod.org\/pl\/wp-content\/uploads\/sites\/2\/2015\/11\/Hosanna.jpeg 639w, https:\/\/demazenod.org\/pl\/wp-content\/uploads\/sites\/2\/2015\/11\/Hosanna-300x200.jpeg 300w\" sizes=\"auto, (max-width: 639px) 100vw, 639px\" \/><\/a><br \/>\nHosanna<\/h5>\n[\/vc_column_text][\/vc_column][vc_column boxed=&#8221;true&#8221; column_padding=&#8221;no-extra-padding&#8221; column_padding_position=&#8221;all&#8221; background_color_opacity=&#8221;1&#8243; background_hover_color_opacity=&#8221;1&#8243; width=&#8221;1\/4&#8243;][vc_column_text]\n<h5><a href=\"http:\/\/demazenod.org\/pl\/wp-content\/uploads\/sites\/2\/2015\/11\/Kropeczki.jpeg\" rel=\"prettyPhoto[gallery-rsZ3]\"><img loading=\"lazy\" decoding=\"async\" class=\"alignnone size-full wp-image-950\" src=\"http:\/\/demazenod.org\/pl\/wp-content\/uploads\/sites\/2\/2015\/11\/Kropeczki.jpeg\" alt=\"Kropeczki\" width=\"639\" height=\"426\" srcset=\"https:\/\/demazenod.org\/pl\/wp-content\/uploads\/sites\/2\/2015\/11\/Kropeczki.jpeg 639w, https:\/\/demazenod.org\/pl\/wp-content\/uploads\/sites\/2\/2015\/11\/Kropeczki-300x200.jpeg 300w\" sizes=\"auto, (max-width: 639px) 100vw, 639px\" \/><\/a><br \/>\nKropeczki<\/h5>\n[\/vc_column_text][\/vc_column][vc_column boxed=&#8221;true&#8221; column_padding=&#8221;no-extra-padding&#8221; column_padding_position=&#8221;all&#8221; background_color_opacity=&#8221;1&#8243; background_hover_color_opacity=&#8221;1&#8243; width=&#8221;1\/4&#8243;][vc_column_text]\n<h5><a href=\"http:\/\/demazenod.org\/pl\/wp-content\/uploads\/sites\/2\/2015\/11\/Quo-Vadis.jpeg\" rel=\"prettyPhoto[gallery-rsZ3]\"><img loading=\"lazy\" decoding=\"async\" class=\"alignnone size-full wp-image-951\" src=\"http:\/\/demazenod.org\/pl\/wp-content\/uploads\/sites\/2\/2015\/11\/Quo-Vadis.jpeg\" alt=\"Quo Vadis\" width=\"640\" height=\"425\" srcset=\"https:\/\/demazenod.org\/pl\/wp-content\/uploads\/sites\/2\/2015\/11\/Quo-Vadis.jpeg 640w, https:\/\/demazenod.org\/pl\/wp-content\/uploads\/sites\/2\/2015\/11\/Quo-Vadis-300x199.jpeg 300w\" sizes=\"auto, (max-width: 640px) 100vw, 640px\" \/><\/a><br \/>\nQuo Vadis<\/h5>\n[\/vc_column_text][\/vc_column][\/vc_row][vc_row type=&#8221;in_container&#8221; scene_position=&#8221;center&#8221; text_color=&#8221;dark&#8221; text_align=&#8221;center&#8221;][vc_column boxed=&#8221;true&#8221; column_padding=&#8221;no-extra-padding&#8221; column_padding_position=&#8221;all&#8221; background_color_opacity=&#8221;1&#8243; background_hover_color_opacity=&#8221;1&#8243; width=&#8221;1\/4&#8243;][vc_column_text]\n<h5><a href=\"http:\/\/demazenod.org\/pl\/wp-content\/uploads\/sites\/2\/2015\/11\/Zrodlo.jpeg\" rel=\"prettyPhoto[gallery-rsZ3]\"><img loading=\"lazy\" decoding=\"async\" class=\"alignnone size-full wp-image-954\" src=\"http:\/\/demazenod.org\/pl\/wp-content\/uploads\/sites\/2\/2015\/11\/Zrodlo.jpeg\" alt=\"Zrodlo\" width=\"639\" height=\"426\" \/><\/a><br \/>\n\u0179r\u00f3d\u0142o<\/h5>\n[\/vc_column_text][\/vc_column][vc_column boxed=&#8221;true&#8221; column_padding=&#8221;no-extra-padding&#8221; column_padding_position=&#8221;all&#8221; background_color_opacity=&#8221;1&#8243; background_hover_color_opacity=&#8221;1&#8243; width=&#8221;1\/4&#8243;][vc_column_text]\n<h5><a href=\"http:\/\/demazenod.org\/pl\/wp-content\/uploads\/sites\/2\/2015\/11\/K-of-C.jpeg\" rel=\"prettyPhoto[gallery-rsZ3]\"><img loading=\"lazy\" decoding=\"async\" class=\"alignnone size-full wp-image-955\" src=\"http:\/\/demazenod.org\/pl\/wp-content\/uploads\/sites\/2\/2015\/11\/K-of-C.jpeg\" alt=\"K of C\" width=\"639\" height=\"426\" \/><\/a><br \/>\nKnights of Columbus<\/h5>\n[\/vc_column_text][\/vc_column][vc_column boxed=&#8221;true&#8221; column_padding=&#8221;no-extra-padding&#8221; column_padding_position=&#8221;all&#8221; background_color_opacity=&#8221;1&#8243; background_hover_color_opacity=&#8221;1&#8243; width=&#8221;1\/4&#8243;][vc_column_text]\n<h5><a href=\"http:\/\/demazenod.org\/pl\/wp-content\/uploads\/sites\/2\/2015\/11\/Komitet-Kultu-MBL.jpeg\" rel=\"prettyPhoto[gallery-rsZ3]\"><img loading=\"lazy\" decoding=\"async\" class=\"alignnone size-large wp-image-956\" src=\"http:\/\/demazenod.org\/pl\/wp-content\/uploads\/sites\/2\/2015\/11\/Komitet-Kultu-MBL-1024x681.jpeg\" alt=\"Komitet Kultu MBL\" width=\"1024\" height=\"681\" \/><\/a><br \/>\nKomitet Kultu MBL<\/h5>\n[\/vc_column_text][\/vc_column][vc_column boxed=&#8221;true&#8221; column_padding=&#8221;no-extra-padding&#8221; column_padding_position=&#8221;all&#8221; background_color_opacity=&#8221;1&#8243; background_hover_color_opacity=&#8221;1&#8243; width=&#8221;1\/4&#8243;][vc_column_text]\n<h5><a href=\"http:\/\/demazenod.org\/pl\/wp-content\/uploads\/sites\/2\/2015\/11\/Rozaniec.jpeg\" rel=\"prettyPhoto[gallery-rsZ3]\"><img loading=\"lazy\" decoding=\"async\" class=\"alignnone size-full wp-image-958\" src=\"http:\/\/demazenod.org\/pl\/wp-content\/uploads\/sites\/2\/2015\/11\/Rozaniec.jpeg\" alt=\"Rozaniec\" width=\"640\" height=\"426\" \/><\/a><br \/>\nTowarzystwo R\u00f3\u017ca\u0144cowe<\/h5>\n[\/vc_column_text][\/vc_column][\/vc_row][vc_row type=&#8221;in_container&#8221; scene_position=&#8221;center&#8221; text_color=&#8221;dark&#8221; text_align=&#8221;center&#8221;][vc_column boxed=&#8221;true&#8221; column_padding=&#8221;no-extra-padding&#8221; column_padding_position=&#8221;all&#8221; background_color_opacity=&#8221;1&#8243; background_hover_color_opacity=&#8221;1&#8243; width=&#8221;1\/4&#8243;][vc_column_text]\n<h5><a href=\"http:\/\/demazenod.org\/pl\/wp-content\/uploads\/sites\/2\/2015\/11\/Lektorzy.jpeg\" rel=\"prettyPhoto[gallery-rsZ3]\"><img loading=\"lazy\" decoding=\"async\" class=\"alignnone size-full wp-image-960\" src=\"http:\/\/demazenod.org\/pl\/wp-content\/uploads\/sites\/2\/2015\/11\/Lektorzy.jpeg\" alt=\"Lektorzy\" width=\"639\" height=\"426\" \/><\/a>Lektorzy<\/h5>\n[\/vc_column_text][\/vc_column][vc_column boxed=&#8221;true&#8221; column_padding=&#8221;no-extra-padding&#8221; column_padding_position=&#8221;all&#8221; background_color_opacity=&#8221;1&#8243; background_hover_color_opacity=&#8221;1&#8243; width=&#8221;1\/4&#8243;][vc_column_text]\n<h5><a href=\"http:\/\/demazenod.org\/pl\/wp-content\/uploads\/sites\/2\/2015\/11\/Szafarze.jpeg\" rel=\"prettyPhoto[gallery-rsZ3]\"><img loading=\"lazy\" decoding=\"async\" class=\"alignnone size-full wp-image-961\" src=\"http:\/\/demazenod.org\/pl\/wp-content\/uploads\/sites\/2\/2015\/11\/Szafarze.jpeg\" alt=\"Szafarze\" width=\"639\" height=\"426\" \/><\/a><br \/>\nSzafarze<\/h5>\n[\/vc_column_text][\/vc_column][vc_column boxed=&#8221;true&#8221; column_padding=&#8221;no-extra-padding&#8221; column_padding_position=&#8221;all&#8221; background_color_opacity=&#8221;1&#8243; background_hover_color_opacity=&#8221;1&#8243; width=&#8221;1\/4&#8243;][vc_column_text]\n<h5><a href=\"http:\/\/demazenod.org\/pl\/wp-content\/uploads\/sites\/2\/2015\/11\/Komisja-Koscielna.jpeg\" rel=\"prettyPhoto[gallery-rsZ3]\"><img loading=\"lazy\" decoding=\"async\" class=\"alignnone size-full wp-image-963\" src=\"http:\/\/demazenod.org\/pl\/wp-content\/uploads\/sites\/2\/2015\/11\/Komisja-Koscielna.jpeg\" alt=\"Komisja Koscielna\" width=\"639\" height=\"425\" \/><\/a>Gwardia \u015bw. Eugeniusza<\/h5>\n[\/vc_column_text][\/vc_column][\/vc_row]\n<div class=\"pvc_clear\"><\/div>\n<p id=\"pvc_stats_937\" class=\"pvc_stats all  \" data-element-id=\"937\" style=\"\"><i class=\"pvc-stats-icon medium\" aria-hidden=\"true\"><svg aria-hidden=\"true\" focusable=\"false\" data-prefix=\"far\" data-icon=\"chart-bar\" role=\"img\" xmlns=\"http:\/\/www.w3.org\/2000\/svg\" viewBox=\"0 0 512 512\" class=\"svg-inline--fa fa-chart-bar fa-w-16 fa-2x\"><path fill=\"currentColor\" d=\"M396.8 352h22.4c6.4 0 12.8-6.4 12.8-12.8V108.8c0-6.4-6.4-12.8-12.8-12.8h-22.4c-6.4 0-12.8 6.4-12.8 12.8v230.4c0 6.4 6.4 12.8 12.8 12.8zm-192 0h22.4c6.4 0 12.8-6.4 12.8-12.8V140.8c0-6.4-6.4-12.8-12.8-12.8h-22.4c-6.4 0-12.8 6.4-12.8 12.8v198.4c0 6.4 6.4 12.8 12.8 12.8zm96 0h22.4c6.4 0 12.8-6.4 12.8-12.8V204.8c0-6.4-6.4-12.8-12.8-12.8h-22.4c-6.4 0-12.8 6.4-12.8 12.8v134.4c0 6.4 6.4 12.8 12.8 12.8zM496 400H48V80c0-8.84-7.16-16-16-16H16C7.16 64 0 71.16 0 80v336c0 17.67 14.33 32 32 32h464c8.84 0 16-7.16 16-16v-16c0-8.84-7.16-16-16-16zm-387.2-48h22.4c6.4 0 12.8-6.4 12.8-12.8v-70.4c0-6.4-6.4-12.8-12.8-12.8h-22.4c-6.4 0-12.8 6.4-12.8 12.8v70.4c0 6.4 6.4 12.8 12.8 12.8z\" class=\"\"><\/path><\/svg><\/i> <img loading=\"lazy\" decoding=\"async\" width=\"16\" height=\"16\" alt=\"Loading\" src=\"https:\/\/demazenod.org\/pl\/wp-content\/plugins\/page-views-count\/ajax-loader-2x.gif\" border=0 \/><\/p>\n<div class=\"pvc_clear\"><\/div>\n","protected":false},"excerpt":{"rendered":"<p>[vc_row type=&#8221;in_container&#8221; scene_position=&#8221;center&#8221; text_color=&#8221;dark&#8221; text_align=&#8221;center&#8221;][vc_column boxed=&#8221;true&#8221; column_padding=&#8221;no-extra-padding&#8221; column_padding_position=&#8221;all&#8221; background_color_opacity=&#8221;1&#8243; background_hover_color_opacity=&#8221;1&#8243; width=&#8221;1\/4&#8243;][vc_column_text] Ministranci [\/vc_column_text][\/vc_column][vc_column boxed=&#8221;true&#8221; column_padding=&#8221;no-extra-padding&#8221; column_padding_position=&#8221;all&#8221; background_color_opacity=&#8221;1&#8243; background_hover_color_opacity=&#8221;1&#8243; width=&#8221;1\/4&#8243;][vc_column_text] Hosanna [\/vc_column_text][\/vc_column][vc_column boxed=&#8221;true&#8221; column_padding=&#8221;no-extra-padding&#8221; column_padding_position=&#8221;all&#8221; background_color_opacity=&#8221;1&#8243; background_hover_color_opacity=&#8221;1&#8243; width=&#8221;1\/4&#8243;][vc_column_text] Kropeczki [\/vc_column_text][\/vc_column][vc_column boxed=&#8221;true&#8221;&#8230;<\/p>\n<div class=\"pvc_clear\"><\/div>\n<p id=\"pvc_stats_937\" class=\"pvc_stats all  \" data-element-id=\"937\" style=\"\"><i class=\"pvc-stats-icon medium\" aria-hidden=\"true\"><svg aria-hidden=\"true\" focusable=\"false\" data-prefix=\"far\" data-icon=\"chart-bar\" role=\"img\" xmlns=\"http:\/\/www.w3.org\/2000\/svg\" viewBox=\"0 0 512 512\" class=\"svg-inline--fa fa-chart-bar fa-w-16 fa-2x\"><path fill=\"currentColor\" d=\"M396.8 352h22.4c6.4 0 12.8-6.4 12.8-12.8V108.8c0-6.4-6.4-12.8-12.8-12.8h-22.4c-6.4 0-12.8 6.4-12.8 12.8v230.4c0 6.4 6.4 12.8 12.8 12.8zm-192 0h22.4c6.4 0 12.8-6.4 12.8-12.8V140.8c0-6.4-6.4-12.8-12.8-12.8h-22.4c-6.4 0-12.8 6.4-12.8 12.8v198.4c0 6.4 6.4 12.8 12.8 12.8zm96 0h22.4c6.4 0 12.8-6.4 12.8-12.8V204.8c0-6.4-6.4-12.8-12.8-12.8h-22.4c-6.4 0-12.8 6.4-12.8 12.8v134.4c0 6.4 6.4 12.8 12.8 12.8zM496 400H48V80c0-8.84-7.16-16-16-16H16C7.16 64 0 71.16 0 80v336c0 17.67 14.33 32 32 32h464c8.84 0 16-7.16 16-16v-16c0-8.84-7.16-16-16-16zm-387.2-48h22.4c6.4 0 12.8-6.4 12.8-12.8v-70.4c0-6.4-6.4-12.8-12.8-12.8h-22.4c-6.4 0-12.8 6.4-12.8 12.8v70.4c0 6.4 6.4 12.8 12.8 12.8z\" class=\"\"><\/path><\/svg><\/i> <img loading=\"lazy\" decoding=\"async\" width=\"16\" height=\"16\" alt=\"Loading\" src=\"https:\/\/demazenod.org\/pl\/wp-content\/plugins\/page-views-count\/ajax-loader-2x.gif\" border=0 \/><\/p>\n<div class=\"pvc_clear\"><\/div>\n","protected":false},"author":1,"featured_media":0,"parent":0,"menu_order":0,"comment_status":"closed","ping_status":"closed","template":"","meta":{"footnotes":""},"class_list":["post-937","page","type-page","status-publish"],"_links":{"self":[{"href":"https:\/\/demazenod.org\/pl\/wp-json\/wp\/v2\/pages\/937","targetHints":{"allow":["GET"]}}],"collection":[{"href":"https:\/\/demazenod.org\/pl\/wp-json\/wp\/v2\/pages"}],"about":[{"href":"https:\/\/demazenod.org\/pl\/wp-json\/wp\/v2\/types\/page"}],"author":[{"embeddable":true,"href":"https:\/\/demazenod.org\/pl\/wp-json\/wp\/v2\/users\/1"}],"replies":[{"embeddable":true,"href":"https:\/\/demazenod.org\/pl\/wp-json\/wp\/v2\/comments?post=937"}],"version-history":[{"count":0,"href":"https:\/\/demazenod.org\/pl\/wp-json\/wp\/v2\/pages\/937\/revisions"}],"wp:attachment":[{"href":"https:\/\/demazenod.org\/pl\/wp-json\/wp\/v2\/media?parent=937"}],"curies":[{"name":"wp","href":"https:\/\/api.w.org\/{rel}","templated":true}]}}