{"id":385,"date":"2015-08-11T16:03:46","date_gmt":"2015-08-11T20:03:46","guid":{"rendered":"http:\/\/vziondesigns.ca\/client\/demazenod\/?page_id=385"},"modified":"2025-02-02T11:53:25","modified_gmt":"2025-02-02T16:53:25","slug":"parish-organizations","status":"publish","type":"page","link":"https:\/\/demazenod.org\/pl\/parish-life\/parish-organizations\/","title":{"rendered":"Parish Organizations"},"content":{"rendered":"[vc_row][vc_column width=&#8221;1\/2&#8243;][vc_column_text]\n<h3>Organizacje Parafialne<\/h3>\n[\/vc_column_text][vc_column_text]\n<table id=\"tablepress-1\" class=\"tablepress tablepress-id-1\">\n<thead>\n<tr class=\"row-1\">\n\t<th class=\"column-1\">Grupa:<\/th><th class=\"column-2\">Liderzy:<\/th>\n<\/tr>\n<\/thead>\n<tbody class=\"row-striping row-hover\">\n<tr class=\"row-2\">\n\t<td class=\"column-1\">Rada Parafialna<\/td><td class=\"column-2\">O. Proboszcz, J. Jasek<\/td>\n<\/tr>\n<tr class=\"row-3\">\n\t<td class=\"column-1\">Komisja Finansowa<\/td><td class=\"column-2\">O. Proboszcz, J. Zadykowicz<\/td>\n<\/tr>\n<tr class=\"row-4\">\n\t<td class=\"column-1\">Komisja Imprez Parafialnych<\/td><td class=\"column-2\">O. Proboszcz, E. Kaczmarek<\/td>\n<\/tr>\n<tr class=\"row-5\">\n\t<td class=\"column-1\">Komitet Kultu MBL<\/td><td class=\"column-2\">O. Proboszcz, H. Kido\u0144<\/td>\n<\/tr>\n<tr class=\"row-6\">\n\t<td class=\"column-1\">Gwardia \u015aw. Eugeniusza<\/td><td class=\"column-2\">O. Proboszcz, S. Jakubowski<\/td>\n<\/tr>\n<tr class=\"row-7\">\n\t<td class=\"column-1\">Towarzystwo R\u00f3\u017ca\u0144cowe<\/td><td class=\"column-2\">O. Proboszcz, H. Polowczyk<\/td>\n<\/tr>\n<tr class=\"row-8\">\n\t<td class=\"column-1\">Rycerze Kolumba<\/td><td class=\"column-2\">O. Janusz, T. Gronau<\/td>\n<\/tr>\n<tr class=\"row-9\">\n\t<td class=\"column-1\">Lektorzy<\/td><td class=\"column-2\">O. Proboszcz, K. Banaszak<\/td>\n<\/tr>\n<tr class=\"row-10\">\n\t<td class=\"column-1\">Szafarze<\/td><td class=\"column-2\">O. Proboszcz, J. Jasek<\/td>\n<\/tr>\n<tr class=\"row-11\">\n\t<td class=\"column-1\">Ch\u00f3r \"Quo Vadis\", Zesp\u00f3\u0142 \"Camerata\"<\/td><td class=\"column-2\">M. Michalak<\/td>\n<\/tr>\n<tr class=\"row-12\">\n\t<td class=\"column-1\">Ko\u0142o Przyjaci\u00f3\u0142 Misji OMI<\/td><td class=\"column-2\">O. Proboszcz, B. Adamiec<\/td>\n<\/tr>\n<tr class=\"row-13\">\n\t<td class=\"column-1\">Grupa Modlitewna \"Misit Me\"<\/td><td class=\"column-2\">O. Proboszcz, A. J\u0119drzejczak<\/td>\n<\/tr>\n<tr class=\"row-14\">\n\t<td class=\"column-1\">Wsp\u00f3lnota Karmelita\u0144ska<\/td><td class=\"column-2\">O. Janusz, W. Piskorska<\/td>\n<\/tr>\n<tr class=\"row-15\">\n\t<td class=\"column-1\">Katechizacja<\/td><td class=\"column-2\">O. Tomasz, S. Anna<\/td>\n<\/tr>\n<tr class=\"row-16\">\n\t<td class=\"column-1\">Program \"Dobry Pasterz\"<\/td><td class=\"column-2\">S. Anna<\/td>\n<\/tr>\n<tr class=\"row-17\">\n\t<td class=\"column-1\">RCIA<\/td><td class=\"column-2\">O. Tomasz, Dk. Wojciech<\/td>\n<\/tr>\n<tr class=\"row-18\">\n\t<td class=\"column-1\">Ministranci<\/td><td class=\"column-2\">O. Tomasz<\/td>\n<\/tr>\n<tr class=\"row-19\">\n\t<td class=\"column-1\">M\u0142odzie\u017c <a href=\"http:\/\/www.seya.ca\" target=\"new\" rel=\"noopener\">SEYA<\/a> (19-39 lat)<\/td><td class=\"column-2\">O. Tomasz, M. Grecki<\/td>\n<\/tr>\n<tr class=\"row-20\">\n\t<td class=\"column-1\">M\u0142odzie\u017c (14-19 lat)<\/td><td class=\"column-2\">O. Tomasz, S. Anna<\/td>\n<\/tr>\n<tr class=\"row-21\">\n\t<td class=\"column-1\">Duszpasterstwo Dzieci<\/td><td class=\"column-2\">O. Tomasz, S. Anna<\/td>\n<\/tr>\n<tr class=\"row-22\">\n\t<td class=\"column-1\">Domowy Ko\u015bci\u00f3\u0142<\/td><td class=\"column-2\">O. Janusz, E.G. Folaron<\/td>\n<\/tr>\n<tr class=\"row-23\">\n\t<td class=\"column-1\">Sanktuaryjna Kapela G\u00f3ralska MBL<\/td><td class=\"column-2\">K. Str\u0105czek<\/td>\n<\/tr>\n<tr class=\"row-24\">\n\t<td class=\"column-1\">ZPiT \"\u0179r\u00f3d\u0142o\"<\/td><td class=\"column-2\">A. Nietresta<\/td>\n<\/tr>\n<tr class=\"row-25\">\n\t<td class=\"column-1\">Zesp\u00f3\u0142 \"Kropeczki\"<\/td><td class=\"column-2\">S. Anna, D. Tetwejer<\/td>\n<\/tr>\n<tr class=\"row-26\">\n\t<td class=\"column-1\">Wieczysta Adoracja<\/td><td class=\"column-2\">B. Konieczna<\/td>\n<\/tr>\n<tr class=\"row-27\">\n\t<td class=\"column-1\">Wojownicy Maryi<\/td><td class=\"column-2\">O. Janusz, D. Senger<\/td>\n<\/tr>\n<\/tbody>\n<\/table>\n<!-- #tablepress-1 from cache -->[\/vc_column_text][\/vc_column][vc_column width=&#8221;1\/2&#8243;][vc_column_text]\n<h3><strong>Organizacje Przy Parafii<\/strong><\/h3>\n[\/vc_column_text][vc_column_text]\n<table id=\"tablepress-2\" class=\"tablepress tablepress-id-2\">\n<thead>\n<tr class=\"row-1\">\n\t<th class=\"column-1\">Grupa:<\/th><th class=\"column-2\">Liderzy:<\/th>\n<\/tr>\n<\/thead>\n<tbody class=\"row-striping row-hover\">\n<tr class=\"row-2\">\n\t<td class=\"column-1\">Stowarzyszenie Polak\u00f3w w Brampton<\/td><td class=\"column-2\">O. Proboszcz, A. Rzyczniak<\/td>\n<\/tr>\n<tr class=\"row-3\">\n\t<td class=\"column-1\">Zwi\u0105zek Podhalan - oddzia\u0142 w Brampton<\/td><td class=\"column-2\">O. Proboszcz, S. M\u0105ka<\/td>\n<\/tr>\n<tr class=\"row-4\">\n\t<td class=\"column-1\">Fundacja \"Z Nadziej\u0105 w Przysz\u0142o\u015b\u0107\"<\/td><td class=\"column-2\">O. Proboszcz, M. Habel<\/td>\n<\/tr>\n<tr class=\"row-5\">\n\t<td class=\"column-1\">ZHP Szczep \"Ba\u0142tyk\" (ch\u0142opcy)<\/td><td class=\"column-2\">O. Marcin, A. \u017babi\u0144ski<\/td>\n<\/tr>\n<tr class=\"row-6\">\n\t<td class=\"column-1\">ZHP Szczep \"Zarzewie\" (dziewczynki)<\/td><td class=\"column-2\">O. Marcin, D. Sokolski<\/td>\n<\/tr>\n<tr class=\"row-7\">\n\t<td class=\"column-1\">Grupa AA \"Freedom\" (Angielska)<\/td><td class=\"column-2\">J. Rundell<\/td>\n<\/tr>\n<tr class=\"row-8\">\n\t<td class=\"column-1\">Grupa AA (Polska)<\/td><td class=\"column-2\">Piotr<\/td>\n<\/tr>\n<\/tbody>\n<\/table>\n<!-- #tablepress-2 from cache -->[\/vc_column_text][divider line_type=&#8221;No Line&#8221; custom_height=&#8221;40&#8243;][vc_column_text]\n<h3><strong>Inne O\u015brodki<\/strong><\/h3>\n[\/vc_column_text][vc_column_text]\n<table id=\"tablepress-3\" class=\"tablepress tablepress-id-3\">\n<tbody class=\"row-striping row-hover\">\n<tr class=\"row-1\">\n\t<td class=\"column-1\">Dom Seniora \"Villa Polonia\"<\/td><td class=\"column-2\">O. Proboszcz, M. Skalska<\/td><td class=\"column-3\">905-452-0999<\/td>\n<\/tr>\n<tr class=\"row-2\">\n\t<td class=\"column-1\">Dom Prowincjalny Misjonarzy Oblat\u00f3w w Toronto<\/td><td class=\"column-2\"><\/td><td class=\"column-3\">416-767-4760<\/td>\n<\/tr>\n<tr class=\"row-3\">\n\t<td class=\"column-1\">Dom Rekolekcyjny Kr\u00f3lowej Aposto\u0142\u00f3w w Mississauga<\/td><td class=\"column-2\"><\/td><td class=\"column-3\">905-278-5229<\/td>\n<\/tr>\n<tr class=\"row-4\">\n\t<td class=\"column-1\">Parafia \u015aw. Stanis\u0142awa Kostki w Toronto<\/td><td class=\"column-2\"><\/td><td class=\"column-3\">416-504-4643<\/td>\n<\/tr>\n<tr class=\"row-5\">\n\t<td class=\"column-1\">Parafia \u015aw. Stanis\u0142awa Kostki w Hamilton<\/td><td class=\"column-2\"><\/td><td class=\"column-3\">905-544-0726<\/td>\n<\/tr>\n<tr class=\"row-6\">\n\t<td class=\"column-1\">Parafia \u015aw. Kazimierza w Toronto<\/td><td class=\"column-2\"><\/td><td class=\"column-3\">416-532-2822<\/td>\n<\/tr>\n<tr class=\"row-7\">\n\t<td class=\"column-1\">Parafia \u015aw. Maksymiliana Kolbe w Mississauga<\/td><td class=\"column-2\"><\/td><td class=\"column-3\">905-848-2420<\/td>\n<\/tr>\n<tr class=\"row-8\">\n\t<td class=\"column-1\">Centrum Kultury im. Jana Paw\u0142a II w Mississauga<\/td><td class=\"column-2\"><\/td><td class=\"column-3\">905-306-9900<\/td>\n<\/tr>\n<\/tbody>\n<\/table>\n<!-- #tablepress-3 from cache -->[\/vc_column_text][\/vc_column][\/vc_row]\n<div class=\"pvc_clear\"><\/div>\n<p id=\"pvc_stats_385\" class=\"pvc_stats all  \" data-element-id=\"385\" style=\"\"><i class=\"pvc-stats-icon medium\" aria-hidden=\"true\"><svg aria-hidden=\"true\" focusable=\"false\" data-prefix=\"far\" data-icon=\"chart-bar\" role=\"img\" xmlns=\"http:\/\/www.w3.org\/2000\/svg\" viewBox=\"0 0 512 512\" class=\"svg-inline--fa fa-chart-bar fa-w-16 fa-2x\"><path fill=\"currentColor\" d=\"M396.8 352h22.4c6.4 0 12.8-6.4 12.8-12.8V108.8c0-6.4-6.4-12.8-12.8-12.8h-22.4c-6.4 0-12.8 6.4-12.8 12.8v230.4c0 6.4 6.4 12.8 12.8 12.8zm-192 0h22.4c6.4 0 12.8-6.4 12.8-12.8V140.8c0-6.4-6.4-12.8-12.8-12.8h-22.4c-6.4 0-12.8 6.4-12.8 12.8v198.4c0 6.4 6.4 12.8 12.8 12.8zm96 0h22.4c6.4 0 12.8-6.4 12.8-12.8V204.8c0-6.4-6.4-12.8-12.8-12.8h-22.4c-6.4 0-12.8 6.4-12.8 12.8v134.4c0 6.4 6.4 12.8 12.8 12.8zM496 400H48V80c0-8.84-7.16-16-16-16H16C7.16 64 0 71.16 0 80v336c0 17.67 14.33 32 32 32h464c8.84 0 16-7.16 16-16v-16c0-8.84-7.16-16-16-16zm-387.2-48h22.4c6.4 0 12.8-6.4 12.8-12.8v-70.4c0-6.4-6.4-12.8-12.8-12.8h-22.4c-6.4 0-12.8 6.4-12.8 12.8v70.4c0 6.4 6.4 12.8 12.8 12.8z\" class=\"\"><\/path><\/svg><\/i> <img loading=\"lazy\" decoding=\"async\" width=\"16\" height=\"16\" alt=\"Loading\" src=\"https:\/\/demazenod.org\/pl\/wp-content\/plugins\/page-views-count\/ajax-loader-2x.gif\" border=0 \/><\/p>\n<div class=\"pvc_clear\"><\/div>\n","protected":false},"excerpt":{"rendered":"<p>[vc_row][vc_column width=&#8221;1\/2&#8243;][vc_column_text] Organizacje Parafialne [\/vc_column_text][vc_column_text][\/vc_column_text][\/vc_column][vc_column width=&#8221;1\/2&#8243;][vc_column_text] Organizacje Przy Parafii [\/vc_column_text][vc_column_text][\/vc_column_text][divider line_type=&#8221;No Line&#8221; custom_height=&#8221;40&#8243;][vc_column_text] Inne O\u015brodki [\/vc_column_text][vc_column_text][\/vc_column_text][\/vc_column][\/vc_row]<\/p>\n<div class=\"pvc_clear\"><\/div>\n<p id=\"pvc_stats_385\" class=\"pvc_stats all  \" data-element-id=\"385\" style=\"\"><i class=\"pvc-stats-icon medium\" aria-hidden=\"true\"><svg aria-hidden=\"true\" focusable=\"false\" data-prefix=\"far\" data-icon=\"chart-bar\" role=\"img\" xmlns=\"http:\/\/www.w3.org\/2000\/svg\" viewBox=\"0 0 512 512\" class=\"svg-inline--fa fa-chart-bar fa-w-16 fa-2x\"><path fill=\"currentColor\" d=\"M396.8 352h22.4c6.4 0 12.8-6.4 12.8-12.8V108.8c0-6.4-6.4-12.8-12.8-12.8h-22.4c-6.4 0-12.8 6.4-12.8 12.8v230.4c0 6.4 6.4 12.8 12.8 12.8zm-192 0h22.4c6.4 0 12.8-6.4 12.8-12.8V140.8c0-6.4-6.4-12.8-12.8-12.8h-22.4c-6.4 0-12.8 6.4-12.8 12.8v198.4c0 6.4 6.4 12.8 12.8 12.8zm96 0h22.4c6.4 0 12.8-6.4 12.8-12.8V204.8c0-6.4-6.4-12.8-12.8-12.8h-22.4c-6.4 0-12.8 6.4-12.8 12.8v134.4c0 6.4 6.4 12.8 12.8 12.8zM496 400H48V80c0-8.84-7.16-16-16-16H16C7.16 64 0 71.16 0 80v336c0 17.67 14.33 32 32 32h464c8.84 0 16-7.16 16-16v-16c0-8.84-7.16-16-16-16zm-387.2-48h22.4c6.4 0 12.8-6.4 12.8-12.8v-70.4c0-6.4-6.4-12.8-12.8-12.8h-22.4c-6.4 0-12.8 6.4-12.8 12.8v70.4c0 6.4 6.4 12.8 12.8 12.8z\" class=\"\"><\/path><\/svg><\/i> <img loading=\"lazy\" decoding=\"async\" width=\"16\" height=\"16\" alt=\"Loading\" src=\"https:\/\/demazenod.org\/pl\/wp-content\/plugins\/page-views-count\/ajax-loader-2x.gif\" border=0 \/><\/p>\n<div class=\"pvc_clear\"><\/div>\n","protected":false},"author":1,"featured_media":0,"parent":377,"menu_order":0,"comment_status":"closed","ping_status":"closed","template":"","meta":{"footnotes":""},"class_list":["post-385","page","type-page","status-publish"],"_links":{"self":[{"href":"https:\/\/demazenod.org\/pl\/wp-json\/wp\/v2\/pages\/385","targetHints":{"allow":["GET"]}}],"collection":[{"href":"https:\/\/demazenod.org\/pl\/wp-json\/wp\/v2\/pages"}],"about":[{"href":"https:\/\/demazenod.org\/pl\/wp-json\/wp\/v2\/types\/page"}],"author":[{"embeddable":true,"href":"https:\/\/demazenod.org\/pl\/wp-json\/wp\/v2\/users\/1"}],"replies":[{"embeddable":true,"href":"https:\/\/demazenod.org\/pl\/wp-json\/wp\/v2\/comments?post=385"}],"version-history":[{"count":0,"href":"https:\/\/demazenod.org\/pl\/wp-json\/wp\/v2\/pages\/385\/revisions"}],"up":[{"embeddable":true,"href":"https:\/\/demazenod.org\/pl\/wp-json\/wp\/v2\/pages\/377"}],"wp:attachment":[{"href":"https:\/\/demazenod.org\/pl\/wp-json\/wp\/v2\/media?parent=385"}],"curies":[{"name":"wp","href":"https:\/\/api.w.org\/{rel}","templated":true}]}}