{"id":1977,"date":"2020-10-25T00:57:18","date_gmt":"2020-10-25T04:57:18","guid":{"rendered":"http:\/\/demazenod.org\/pl\/?page_id=1977"},"modified":"2025-06-22T22:55:12","modified_gmt":"2025-06-23T02:55:12","slug":"formy","status":"publish","type":"page","link":"https:\/\/demazenod.org\/pl\/formy\/","title":{"rendered":"Formy"},"content":{"rendered":"[vc_row type=&#8221;in_container&#8221; full_screen_row_position=&#8221;middle&#8221; scene_position=&#8221;center&#8221; text_color=&#8221;dark&#8221; text_align=&#8221;left&#8221; overlay_strength=&#8221;0.3&#8243;][vc_column column_padding=&#8221;no-extra-padding&#8221; column_padding_position=&#8221;all&#8221; background_color_opacity=&#8221;1&#8243; background_hover_color_opacity=&#8221;1&#8243; column_shadow=&#8221;none&#8221; width=&#8221;1\/1&#8243; tablet_text_alignment=&#8221;default&#8221; phone_text_alignment=&#8221;default&#8221; column_border_width=&#8221;none&#8221; column_border_style=&#8221;solid&#8221;][vc_column_text]<strong>Formy do pobrania:<\/strong><\/p>\n<ol>\n<li style=\"list-style-type: none\">\n<ol>\n<li><a href=\"http:\/\/demazenod.org\/pl\/wp-content\/uploads\/sites\/2\/2020\/10\/registration.pdf\" target=\"_blank\" rel=\"noopener noreferrer\">Forma zapisu do parafii<\/a><\/li>\n<li><a href=\"http:\/\/demazenod.org\/pl\/wp-content\/uploads\/sites\/2\/2020\/10\/zmiana_adresu.pdf\" target=\"_blank\" rel=\"noopener noreferrer\">Zmiana adresu<\/a><\/li>\n<\/ol>\n<\/li>\n<\/ol>\n<p>&nbsp;<\/p>\n<p><em>Wype\u0142nione formy mo\u017cna sk\u0142ada\u0107 w biurze parafialnym lub wrzuci\u0107 do koszyka przy wyj\u015bciu z ko\u015bcio\u0142a.<\/em><\/p>\n<p>&nbsp;<\/p>\n<p><strong>Katecheza &#8211; Formy Rejestracyjne na rok 2023\/2024:<\/strong><\/p>\n<ol>\n<li><a href=\"https:\/\/demazenod.org\/wp-content\/uploads\/2025\/06\/2025_good_shepherd_reg1.pdf\">Dobry Pasterz &#8211; Sobota<\/a><\/li>\n<li><a href=\"https:\/\/demazenod.org\/wp-content\/uploads\/2025\/06\/2025_good_shepherd_reg2.pdf\">Dobry Pasterz &#8211; Czwartek<\/a><\/li>\n<li><a href=\"https:\/\/demazenod.org\/wp-content\/uploads\/2025\/06\/2025_catechesis_reg_sk.pdf\">SK (5-6 lat)<\/a><\/li>\n<li><a href=\"https:\/\/demazenod.org\/wp-content\/uploads\/2025\/06\/2025_communion_registration.pdf\">Przygotowanie do Pierwszej Komunii \u015aw.<\/a><\/li>\n<li><a href=\"https:\/\/demazenod.org\/wp-content\/uploads\/2025\/06\/2025_catechesis_reg_3.pdf\">3 Klasa<\/a><\/li>\n<li><a href=\"https:\/\/demazenod.org\/wp-content\/uploads\/2025\/06\/2025_catechesis_reg_4_6.pdf\">4, 5, 6 Klasa<\/a><\/li>\n<li><a href=\"https:\/\/demazenod.org\/wp-content\/uploads\/2025\/06\/confirmation_25.pdf\">Przygotowanie do Bierzmowania<\/a><\/li>\n<\/ol>\n[\/vc_column_text][\/vc_column][\/vc_row]\n<div class=\"pvc_clear\"><\/div>\n<p id=\"pvc_stats_1977\" class=\"pvc_stats all  \" data-element-id=\"1977\" style=\"\"><i class=\"pvc-stats-icon medium\" aria-hidden=\"true\"><svg aria-hidden=\"true\" focusable=\"false\" data-prefix=\"far\" data-icon=\"chart-bar\" role=\"img\" xmlns=\"http:\/\/www.w3.org\/2000\/svg\" viewBox=\"0 0 512 512\" class=\"svg-inline--fa fa-chart-bar fa-w-16 fa-2x\"><path fill=\"currentColor\" d=\"M396.8 352h22.4c6.4 0 12.8-6.4 12.8-12.8V108.8c0-6.4-6.4-12.8-12.8-12.8h-22.4c-6.4 0-12.8 6.4-12.8 12.8v230.4c0 6.4 6.4 12.8 12.8 12.8zm-192 0h22.4c6.4 0 12.8-6.4 12.8-12.8V140.8c0-6.4-6.4-12.8-12.8-12.8h-22.4c-6.4 0-12.8 6.4-12.8 12.8v198.4c0 6.4 6.4 12.8 12.8 12.8zm96 0h22.4c6.4 0 12.8-6.4 12.8-12.8V204.8c0-6.4-6.4-12.8-12.8-12.8h-22.4c-6.4 0-12.8 6.4-12.8 12.8v134.4c0 6.4 6.4 12.8 12.8 12.8zM496 400H48V80c0-8.84-7.16-16-16-16H16C7.16 64 0 71.16 0 80v336c0 17.67 14.33 32 32 32h464c8.84 0 16-7.16 16-16v-16c0-8.84-7.16-16-16-16zm-387.2-48h22.4c6.4 0 12.8-6.4 12.8-12.8v-70.4c0-6.4-6.4-12.8-12.8-12.8h-22.4c-6.4 0-12.8 6.4-12.8 12.8v70.4c0 6.4 6.4 12.8 12.8 12.8z\" class=\"\"><\/path><\/svg><\/i> <img loading=\"lazy\" decoding=\"async\" width=\"16\" height=\"16\" alt=\"Loading\" src=\"https:\/\/demazenod.org\/pl\/wp-content\/plugins\/page-views-count\/ajax-loader-2x.gif\" border=0 \/><\/p>\n<div class=\"pvc_clear\"><\/div>\n","protected":false},"excerpt":{"rendered":"<p>[vc_row type=&#8221;in_container&#8221; full_screen_row_position=&#8221;middle&#8221; scene_position=&#8221;center&#8221; text_color=&#8221;dark&#8221; text_align=&#8221;left&#8221; overlay_strength=&#8221;0.3&#8243;][vc_column column_padding=&#8221;no-extra-padding&#8221; column_padding_position=&#8221;all&#8221; background_color_opacity=&#8221;1&#8243; background_hover_color_opacity=&#8221;1&#8243; column_shadow=&#8221;none&#8221; width=&#8221;1\/1&#8243; tablet_text_alignment=&#8221;default&#8221; phone_text_alignment=&#8221;default&#8221; column_border_width=&#8221;none&#8221; column_border_style=&#8221;solid&#8221;][vc_column_text]Formy do pobrania: Forma zapisu do parafii Zmiana adresu &nbsp; Wype\u0142nione formy mo\u017cna sk\u0142ada\u0107&#8230;<\/p>\n<div class=\"pvc_clear\"><\/div>\n<p id=\"pvc_stats_1977\" class=\"pvc_stats all  \" data-element-id=\"1977\" style=\"\"><i class=\"pvc-stats-icon medium\" aria-hidden=\"true\"><svg aria-hidden=\"true\" focusable=\"false\" data-prefix=\"far\" data-icon=\"chart-bar\" role=\"img\" xmlns=\"http:\/\/www.w3.org\/2000\/svg\" viewBox=\"0 0 512 512\" class=\"svg-inline--fa fa-chart-bar fa-w-16 fa-2x\"><path fill=\"currentColor\" d=\"M396.8 352h22.4c6.4 0 12.8-6.4 12.8-12.8V108.8c0-6.4-6.4-12.8-12.8-12.8h-22.4c-6.4 0-12.8 6.4-12.8 12.8v230.4c0 6.4 6.4 12.8 12.8 12.8zm-192 0h22.4c6.4 0 12.8-6.4 12.8-12.8V140.8c0-6.4-6.4-12.8-12.8-12.8h-22.4c-6.4 0-12.8 6.4-12.8 12.8v198.4c0 6.4 6.4 12.8 12.8 12.8zm96 0h22.4c6.4 0 12.8-6.4 12.8-12.8V204.8c0-6.4-6.4-12.8-12.8-12.8h-22.4c-6.4 0-12.8 6.4-12.8 12.8v134.4c0 6.4 6.4 12.8 12.8 12.8zM496 400H48V80c0-8.84-7.16-16-16-16H16C7.16 64 0 71.16 0 80v336c0 17.67 14.33 32 32 32h464c8.84 0 16-7.16 16-16v-16c0-8.84-7.16-16-16-16zm-387.2-48h22.4c6.4 0 12.8-6.4 12.8-12.8v-70.4c0-6.4-6.4-12.8-12.8-12.8h-22.4c-6.4 0-12.8 6.4-12.8 12.8v70.4c0 6.4 6.4 12.8 12.8 12.8z\" class=\"\"><\/path><\/svg><\/i> <img loading=\"lazy\" decoding=\"async\" width=\"16\" height=\"16\" alt=\"Loading\" src=\"https:\/\/demazenod.org\/pl\/wp-content\/plugins\/page-views-count\/ajax-loader-2x.gif\" border=0 \/><\/p>\n<div class=\"pvc_clear\"><\/div>\n","protected":false},"author":5,"featured_media":0,"parent":0,"menu_order":0,"comment_status":"closed","ping_status":"closed","template":"","meta":{"footnotes":""},"class_list":["post-1977","page","type-page","status-publish"],"_links":{"self":[{"href":"https:\/\/demazenod.org\/pl\/wp-json\/wp\/v2\/pages\/1977","targetHints":{"allow":["GET"]}}],"collection":[{"href":"https:\/\/demazenod.org\/pl\/wp-json\/wp\/v2\/pages"}],"about":[{"href":"https:\/\/demazenod.org\/pl\/wp-json\/wp\/v2\/types\/page"}],"author":[{"embeddable":true,"href":"https:\/\/demazenod.org\/pl\/wp-json\/wp\/v2\/users\/5"}],"replies":[{"embeddable":true,"href":"https:\/\/demazenod.org\/pl\/wp-json\/wp\/v2\/comments?post=1977"}],"version-history":[{"count":0,"href":"https:\/\/demazenod.org\/pl\/wp-json\/wp\/v2\/pages\/1977\/revisions"}],"wp:attachment":[{"href":"https:\/\/demazenod.org\/pl\/wp-json\/wp\/v2\/media?parent=1977"}],"curies":[{"name":"wp","href":"https:\/\/api.w.org\/{rel}","templated":true}]}}