{"id":152,"date":"2020-09-28T09:02:17","date_gmt":"2020-09-28T13:02:17","guid":{"rendered":"http:\/\/vziondesigns.ca\/client\/demazenod\/?page_id=152"},"modified":"2026-04-10T16:06:56","modified_gmt":"2026-04-10T20:06:56","slug":"parish-bulletin","status":"publish","type":"page","link":"https:\/\/demazenod.org\/pl\/parish-bulletin\/","title":{"rendered":"Biuletyn Parafialny"},"content":{"rendered":"[vc_row type=&#8221;in_container&#8221; full_screen_row_position=&#8221;middle&#8221; scene_position=&#8221;center&#8221; text_color=&#8221;dark&#8221; text_align=&#8221;left&#8221; top_padding=&#8221;30&#8243; overlay_strength=&#8221;0.3&#8243;][vc_column column_padding=&#8221;no-extra-padding&#8221; column_padding_position=&#8221;all&#8221; background_color_opacity=&#8221;1&#8243; background_hover_color_opacity=&#8221;1&#8243; column_shadow=&#8221;none&#8221; width=&#8221;2\/3&#8243; tablet_text_alignment=&#8221;default&#8221; phone_text_alignment=&#8221;default&#8221; column_border_width=&#8221;none&#8221; column_border_style=&#8221;solid&#8221;][vc_column_text]<iframe src=\"\/\/docs.google.com\/viewer?url=http%3A%2F%2Fdemazenod.org%2Fpl%2Fwp-content%2Fuploads%2Fsites%2F2%2F2026%2F04%2FBiulletin_2026_03_12_pol.pdf&hl=en_US&embedded=true\" class=\"gde-frame\" style=\"width:100%; height:500px; border: none;\" scrolling=\"no\"><\/iframe>\n<p class=\"gde-text\"><a href=\"http:\/\/demazenod.org\/pl\/wp-content\/uploads\/sites\/2\/2026\/04\/Biulletin_2026_03_12_pol.pdf\" class=\"gde-link\">Download (PDF, 407KB)<\/a><\/p>[\/vc_column_text][divider line_type=&#8221;No Line&#8221; custom_height=&#8221;20&#8243;][vc_column_text]<iframe src=\"\/\/docs.google.com\/viewer?url=http%3A%2F%2Fdemazenod.org%2Fpl%2Fwp-content%2Fuploads%2Fsites%2F2%2F2026%2F03%2FBulletin_2026_03_15_pol_pdf.pdf&hl=en_US&embedded=true\" class=\"gde-frame\" style=\"width:100%; height:500px; border: none;\" scrolling=\"no\"><\/iframe>\n<p class=\"gde-text\"><a href=\"http:\/\/demazenod.org\/pl\/wp-content\/uploads\/sites\/2\/2026\/03\/Bulletin_2026_03_15_pol_pdf.pdf\" class=\"gde-link\">Download (PDF, 2.51MB)<\/a><\/p>[\/vc_column_text][\/vc_column][vc_column column_padding=&#8221;no-extra-padding&#8221; column_padding_position=&#8221;all&#8221; background_color_opacity=&#8221;1&#8243; background_hover_color_opacity=&#8221;1&#8243; column_shadow=&#8221;none&#8221; width=&#8221;1\/3&#8243; tablet_text_alignment=&#8221;default&#8221; phone_text_alignment=&#8221;default&#8221; column_border_width=&#8221;none&#8221; column_border_style=&#8221;solid&#8221;][vc_column_text]Biuletyny parafialne s\u0105 opublikowane w Internecie w standardowym formacie PDF. Je\u015bli nie posiadasz programu Adobe Reader, kliknij poni\u017cej aby pobra\u0107 darmow\u0105 wersj\u0119.<\/p>\n<p><a href=\"https:\/\/www.adobe.com\/products\/acrobat\/readstep2.html\" target=\"_blank\" rel=\"noopener noreferrer\">Pobierz Abobe<\/a>[\/vc_column_text][divider line_type=&#8221;No Line&#8221;][vc_column_text]<strong>Archiwum:<\/strong><\/p>\n<p><a href=\"http:\/\/demazenod.org\/pl\/wp-content\/uploads\/sites\/2\/2026\/04\/Biulletin_2026_03_12_pol.pdf\">12 kwietnia 2026<\/a><\/p>\n<p><a href=\"http:\/\/demazenod.org\/pl\/wp-content\/uploads\/sites\/2\/2026\/04\/Biulletin_2026_04-05_pol.pdf\">5 kwietnia 2026<\/a><\/p>\n<p><a href=\"http:\/\/demazenod.org\/pl\/wp-content\/uploads\/sites\/2\/2026\/03\/Biulletin_2026_03-29_pol.pdf\">29 marca 2026<\/a><\/p>\n[\/vc_column_text][\/vc_column][\/vc_row]\n","protected":false},"excerpt":{"rendered":"<p>[vc_row type=&#8221;in_container&#8221; full_screen_row_position=&#8221;middle&#8221; scene_position=&#8221;center&#8221; text_color=&#8221;dark&#8221; text_align=&#8221;left&#8221; top_padding=&#8221;30&#8243; overlay_strength=&#8221;0.3&#8243;][vc_column column_padding=&#8221;no-extra-padding&#8221; column_padding_position=&#8221;all&#8221; background_color_opacity=&#8221;1&#8243; background_hover_color_opacity=&#8221;1&#8243; column_shadow=&#8221;none&#8221; width=&#8221;2\/3&#8243; tablet_text_alignment=&#8221;default&#8221; phone_text_alignment=&#8221;default&#8221; column_border_width=&#8221;none&#8221; column_border_style=&#8221;solid&#8221;][vc_column_text][\/vc_column_text][divider line_type=&#8221;No Line&#8221; custom_height=&#8221;20&#8243;][vc_column_text][\/vc_column_text][\/vc_column][vc_column column_padding=&#8221;no-extra-padding&#8221; column_padding_position=&#8221;all&#8221; background_color_opacity=&#8221;1&#8243; background_hover_color_opacity=&#8221;1&#8243; column_shadow=&#8221;none&#8221; width=&#8221;1\/3&#8243; tablet_text_alignment=&#8221;default&#8221; phone_text_alignment=&#8221;default&#8221; column_border_width=&#8221;none&#8221;&#8230;<\/p>\n","protected":false},"author":1,"featured_media":0,"parent":0,"menu_order":0,"comment_status":"closed","ping_status":"closed","template":"","meta":{"footnotes":""},"class_list":["post-152","page","type-page","status-publish"],"_links":{"self":[{"href":"https:\/\/demazenod.org\/pl\/wp-json\/wp\/v2\/pages\/152","targetHints":{"allow":["GET"]}}],"collection":[{"href":"https:\/\/demazenod.org\/pl\/wp-json\/wp\/v2\/pages"}],"about":[{"href":"https:\/\/demazenod.org\/pl\/wp-json\/wp\/v2\/types\/page"}],"author":[{"embeddable":true,"href":"https:\/\/demazenod.org\/pl\/wp-json\/wp\/v2\/users\/1"}],"replies":[{"embeddable":true,"href":"https:\/\/demazenod.org\/pl\/wp-json\/wp\/v2\/comments?post=152"}],"version-history":[{"count":0,"href":"https:\/\/demazenod.org\/pl\/wp-json\/wp\/v2\/pages\/152\/revisions"}],"wp:attachment":[{"href":"https:\/\/demazenod.org\/pl\/wp-json\/wp\/v2\/media?parent=152"}],"curies":[{"name":"wp","href":"https:\/\/api.w.org\/{rel}","templated":true}]}}